{"id":9,"date":"2023-09-05T00:36:11","date_gmt":"2023-09-05T03:36:11","guid":{"rendered":"https:\/\/tudobet.linkvendasonline.com\/?page_id=9"},"modified":"2023-09-09T14:38:00","modified_gmt":"2023-09-09T17:38:00","slug":"tudobet","status":"publish","type":"page","link":"https:\/\/tudobet.linkvendasonline.com\/","title":{"rendered":"Tudobet"},"content":{"rendered":"\t\t<div data-elementor-type=\"wp-page\" data-elementor-id=\"9\" class=\"elementor elementor-9\">\n\t\t\t\t\t\t\t\t\t<section class=\"elementor-section elementor-top-section elementor-element elementor-element-d1dcf84 elementor-section-boxed elementor-section-height-default elementor-section-height-default\" data-id=\"d1dcf84\" data-element_type=\"section\" data-settings=\"{&quot;background_background&quot;:&quot;classic&quot;}\">\n\t\t\t\t\t\t<div class=\"elementor-container elementor-column-gap-default\">\n\t\t\t\t\t<div class=\"elementor-column elementor-col-100 elementor-top-column elementor-element elementor-element-24a012dc\" data-id=\"24a012dc\" data-element_type=\"column\">\n\t\t\t<div class=\"elementor-widget-wrap elementor-element-populated\">\n\t\t\t\t\t\t\t\t<div class=\"elementor-element elementor-element-752be546 elementor-widget elementor-widget-text-editor\" data-id=\"752be546\" data-element_type=\"widget\" data-widget_type=\"text-editor.default\">\n\t\t\t\t<div class=\"elementor-widget-container\">\n\t\t\t<style>\/*! elementor - v3.15.0 - 20-08-2023 *\/\n.elementor-widget-text-editor.elementor-drop-cap-view-stacked .elementor-drop-cap{background-color:#69727d;color:#fff}.elementor-widget-text-editor.elementor-drop-cap-view-framed .elementor-drop-cap{color:#69727d;border:3px solid;background-color:transparent}.elementor-widget-text-editor:not(.elementor-drop-cap-view-default) .elementor-drop-cap{margin-top:8px}.elementor-widget-text-editor:not(.elementor-drop-cap-view-default) .elementor-drop-cap-letter{width:1em;height:1em}.elementor-widget-text-editor .elementor-drop-cap{float:left;text-align:center;line-height:1;font-size:50px}.elementor-widget-text-editor .elementor-drop-cap-letter{display:inline-block}<\/style>\t\t\t\t<p>Esse v\u00eddeo\u00a0<strong>exclusivo<\/strong>\u00a0sair\u00e1 do ar\u00a0<strong>em breve!<\/strong><\/p>\t\t\t\t\t\t<\/div>\n\t\t\t\t<\/div>\n\t\t\t\t\t<\/div>\n\t\t<\/div>\n\t\t\t\t\t\t\t<\/div>\n\t\t<\/section>\n\t\t\t\t<section class=\"elementor-section elementor-top-section elementor-element elementor-element-14744afc elementor-hidden-mobile_extra elementor-section-boxed elementor-section-height-default elementor-section-height-default\" data-id=\"14744afc\" data-element_type=\"section\" data-settings=\"{&quot;background_background&quot;:&quot;classic&quot;}\">\n\t\t\t\t\t\t<div class=\"elementor-container elementor-column-gap-default\">\n\t\t\t\t\t<div class=\"elementor-column elementor-col-100 elementor-top-column elementor-element elementor-element-9bc6da8\" data-id=\"9bc6da8\" data-element_type=\"column\">\n\t\t\t<div class=\"elementor-widget-wrap elementor-element-populated\">\n\t\t\t\t\t\t\t\t<div class=\"elementor-element elementor-element-365634f4 elementor-widget elementor-widget-image\" data-id=\"365634f4\" data-element_type=\"widget\" data-widget_type=\"image.default\">\n\t\t\t\t<div class=\"elementor-widget-container\">\n\t\t\t<style>\/*! elementor - v3.15.0 - 20-08-2023 *\/\n.elementor-widget-image{text-align:center}.elementor-widget-image a{display:inline-block}.elementor-widget-image a img[src$=\".svg\"]{width:48px}.elementor-widget-image img{vertical-align:middle;display:inline-block}<\/style>\t\t\t\t\t\t\t\t\t\t\t\t<img decoding=\"async\" loading=\"lazy\" width=\"769\" height=\"140\" src=\"https:\/\/tudobet.linkvendasonline.com\/wp-content\/uploads\/2023\/09\/LOGO-TUDO-BET-1.png\" class=\"attachment-large size-large wp-image-13\" alt=\"\" srcset=\"https:\/\/tudobet.linkvendasonline.com\/wp-content\/uploads\/2023\/09\/LOGO-TUDO-BET-1.png 769w, https:\/\/tudobet.linkvendasonline.com\/wp-content\/uploads\/2023\/09\/LOGO-TUDO-BET-1-300x55.png 300w\" sizes=\"(max-width: 769px) 100vw, 769px\" \/>\t\t\t\t\t\t\t\t\t\t\t\t\t\t\t<\/div>\n\t\t\t\t<\/div>\n\t\t\t\t<div class=\"elementor-element elementor-element-46eedd01 elementor-widget elementor-widget-text-editor\" data-id=\"46eedd01\" data-element_type=\"widget\" data-widget_type=\"text-editor.default\">\n\t\t\t\t<div class=\"elementor-widget-container\">\n\t\t\t\t\t\t\t<p>Todos os direitos reservados \u00a9<\/p>\t\t\t\t\t\t<\/div>\n\t\t\t\t<\/div>\n\t\t\t\t<div class=\"elementor-element elementor-element-1af86384 elementor-widget elementor-widget-text-editor\" data-id=\"1af86384\" data-element_type=\"widget\" data-widget_type=\"text-editor.default\">\n\t\t\t\t<div class=\"elementor-widget-container\">\n\t\t\t\t\t\t\t<destaque> Voc\u00ea ganhou o acesso gratuito ao tudobet. <\/destaque>\t\t\t\t\t\t<\/div>\n\t\t\t\t<\/div>\n\t\t\t\t<div class=\"elementor-element elementor-element-3c941150 elementor-widget elementor-widget-text-editor\" data-id=\"3c941150\" data-element_type=\"widget\" data-widget_type=\"text-editor.default\">\n\t\t\t\t<div class=\"elementor-widget-container\">\n\t\t\t\t\t\t\t<p>O aplicativo ser\u00e1 liberado ao final deste v\u00eddeo de 3 minutos<\/p>\t\t\t\t\t\t<\/div>\n\t\t\t\t<\/div>\n\t\t\t\t<section class=\"elementor-section elementor-inner-section elementor-element elementor-element-18362bc6 elementor-section-boxed elementor-section-height-default elementor-section-height-default\" data-id=\"18362bc6\" data-element_type=\"section\">\n\t\t\t\t\t\t<div class=\"elementor-container elementor-column-gap-default\">\n\t\t\t\t\t<div class=\"elementor-column elementor-col-100 elementor-inner-column elementor-element elementor-element-15a3c8be\" data-id=\"15a3c8be\" data-element_type=\"column\">\n\t\t\t<div class=\"elementor-widget-wrap elementor-element-populated\">\n\t\t\t\t\t\t\t\t<div class=\"elementor-element elementor-element-16c0f76b elementor-widget elementor-widget-html\" data-id=\"16c0f76b\" data-element_type=\"widget\" data-widget_type=\"html.default\">\n\t\t\t\t<div class=\"elementor-widget-container\">\n\t\t\t<div style=\"padding:56.25% 0 0 0;position:relative;\"><iframe frameborder=\"0\" allowfullscreen src=\"https:\/\/scripts.converteai.net\/0cf505ef-d042-4885-9695-ec1e5784c38d\/players\/64f7fd915d41570009435971\/embed.html\" id=\"ifr_64f7fd915d41570009435971\" style=\"position:absolute;top:0;left:0;width:100%;height:100%;\" referrerpolicy=\"origin\"><\/iframe><\/div>\t\t<\/div>\n\t\t\t\t<\/div>\n\t\t\t\t<div class=\"elementor-element elementor-element-674e8df6 elementor-align-center elementor-invisible elementor-widget elementor-widget-button\" data-id=\"674e8df6\" data-element_type=\"widget\" data-settings=\"{&quot;_animation&quot;:&quot;fadeInUp&quot;,&quot;_animation_delay&quot;:403000}\" data-widget_type=\"button.default\">\n\t\t\t\t<div class=\"elementor-widget-container\">\n\t\t\t\t\t<div class=\"elementor-button-wrapper\">\n\t\t\t<a class=\"elementor-button elementor-button-link elementor-size-sm elementor-animation-grow\" href=\"https:\/\/go.perfectpay.com.br\/PPU38CN1FAU\">\n\t\t\t\t\t\t<span class=\"elementor-button-content-wrapper\">\n\t\t\t\t\t\t<span class=\"elementor-button-text\">GARANTIR ACESSO GRATUITO AGORA<\/span>\n\t\t<\/span>\n\t\t\t\t\t<\/a>\n\t\t<\/div>\n\t\t\t\t<\/div>\n\t\t\t\t<\/div>\n\t\t\t\t\t<\/div>\n\t\t<\/div>\n\t\t\t\t\t\t\t<\/div>\n\t\t<\/section>\n\t\t\t\t<section class=\"elementor-section elementor-inner-section elementor-element elementor-element-334fe705 elementor-section-boxed elementor-section-height-default elementor-section-height-default\" data-id=\"334fe705\" data-element_type=\"section\">\n\t\t\t\t\t\t<div class=\"elementor-container elementor-column-gap-default\">\n\t\t\t\t\t<div class=\"elementor-column elementor-col-50 elementor-inner-column elementor-element elementor-element-16ca6717\" data-id=\"16ca6717\" data-element_type=\"column\">\n\t\t\t<div class=\"elementor-widget-wrap elementor-element-populated\">\n\t\t\t\t\t\t\t\t<div class=\"elementor-element elementor-element-386924ad elementor-widget elementor-widget-image\" data-id=\"386924ad\" data-element_type=\"widget\" data-widget_type=\"image.default\">\n\t\t\t\t<div class=\"elementor-widget-container\">\n\t\t\t\t\t\t\t\t\t\t\t\t\t\t\t<img decoding=\"async\" loading=\"lazy\" width=\"646\" height=\"250\" src=\"https:\/\/tudobet.linkvendasonline.com\/wp-content\/uploads\/2023\/09\/k90ahb3nJ1A.png\" class=\"attachment-large size-large wp-image-14\" alt=\"\" srcset=\"https:\/\/tudobet.linkvendasonline.com\/wp-content\/uploads\/2023\/09\/k90ahb3nJ1A.png 646w, https:\/\/tudobet.linkvendasonline.com\/wp-content\/uploads\/2023\/09\/k90ahb3nJ1A-300x116.png 300w\" sizes=\"(max-width: 646px) 100vw, 646px\" \/>\t\t\t\t\t\t\t\t\t\t\t\t\t\t\t<\/div>\n\t\t\t\t<\/div>\n\t\t\t\t\t<\/div>\n\t\t<\/div>\n\t\t\t\t<div class=\"elementor-column elementor-col-50 elementor-inner-column elementor-element elementor-element-6d765c04\" data-id=\"6d765c04\" data-element_type=\"column\">\n\t\t\t<div class=\"elementor-widget-wrap elementor-element-populated\">\n\t\t\t\t\t\t\t\t<div class=\"elementor-element elementor-element-4899791a elementor-widget elementor-widget-image\" data-id=\"4899791a\" data-element_type=\"widget\" data-widget_type=\"image.default\">\n\t\t\t\t<div class=\"elementor-widget-container\">\n\t\t\t\t\t\t\t\t\t\t\t\t\t\t\t<img decoding=\"async\" loading=\"lazy\" width=\"800\" height=\"246\" src=\"https:\/\/tudobet.linkvendasonline.com\/wp-content\/uploads\/2023\/09\/image-1024x315.png\" class=\"attachment-large size-large wp-image-15\" alt=\"\" srcset=\"https:\/\/tudobet.linkvendasonline.com\/wp-content\/uploads\/2023\/09\/image-1024x315.png 1024w, https:\/\/tudobet.linkvendasonline.com\/wp-content\/uploads\/2023\/09\/image-300x92.png 300w, https:\/\/tudobet.linkvendasonline.com\/wp-content\/uploads\/2023\/09\/image-768x236.png 768w, https:\/\/tudobet.linkvendasonline.com\/wp-content\/uploads\/2023\/09\/image.png 1300w\" sizes=\"(max-width: 800px) 100vw, 800px\" \/>\t\t\t\t\t\t\t\t\t\t\t\t\t\t\t<\/div>\n\t\t\t\t<\/div>\n\t\t\t\t\t<\/div>\n\t\t<\/div>\n\t\t\t\t\t\t\t<\/div>\n\t\t<\/section>\n\t\t\t\t\t<\/div>\n\t\t<\/div>\n\t\t\t\t\t\t\t<\/div>\n\t\t<\/section>\n\t\t\t\t<section class=\"elementor-section elementor-top-section elementor-element elementor-element-e108239 elementor-hidden-widescreen elementor-hidden-desktop elementor-hidden-laptop elementor-hidden-tablet_extra elementor-hidden-tablet elementor-hidden-mobile elementor-section-boxed elementor-section-height-default elementor-section-height-default\" data-id=\"e108239\" data-element_type=\"section\" data-settings=\"{&quot;background_background&quot;:&quot;classic&quot;}\">\n\t\t\t\t\t\t<div class=\"elementor-container elementor-column-gap-default\">\n\t\t\t\t\t<div class=\"elementor-column elementor-col-100 elementor-top-column elementor-element elementor-element-295d1cf\" data-id=\"295d1cf\" data-element_type=\"column\">\n\t\t\t<div class=\"elementor-widget-wrap elementor-element-populated\">\n\t\t\t\t\t\t\t\t<div class=\"elementor-element elementor-element-309ac7f elementor-widget elementor-widget-image\" data-id=\"309ac7f\" data-element_type=\"widget\" data-widget_type=\"image.default\">\n\t\t\t\t<div class=\"elementor-widget-container\">\n\t\t\t\t\t\t\t\t\t\t\t\t\t\t\t<img decoding=\"async\" loading=\"lazy\" width=\"769\" height=\"140\" src=\"https:\/\/tudobet.linkvendasonline.com\/wp-content\/uploads\/2023\/09\/LOGO-TUDO-BET-1.png\" class=\"attachment-large size-large wp-image-13\" alt=\"\" srcset=\"https:\/\/tudobet.linkvendasonline.com\/wp-content\/uploads\/2023\/09\/LOGO-TUDO-BET-1.png 769w, https:\/\/tudobet.linkvendasonline.com\/wp-content\/uploads\/2023\/09\/LOGO-TUDO-BET-1-300x55.png 300w\" sizes=\"(max-width: 769px) 100vw, 769px\" \/>\t\t\t\t\t\t\t\t\t\t\t\t\t\t\t<\/div>\n\t\t\t\t<\/div>\n\t\t\t\t<div class=\"elementor-element elementor-element-5a3e7a8 elementor-widget elementor-widget-text-editor\" data-id=\"5a3e7a8\" data-element_type=\"widget\" data-widget_type=\"text-editor.default\">\n\t\t\t\t<div class=\"elementor-widget-container\">\n\t\t\t\t\t\t\t<p>Todos os direitos reservados \u00a9<\/p>\t\t\t\t\t\t<\/div>\n\t\t\t\t<\/div>\n\t\t\t\t<div class=\"elementor-element elementor-element-6400fa1 elementor-widget elementor-widget-text-editor\" data-id=\"6400fa1\" data-element_type=\"widget\" data-widget_type=\"text-editor.default\">\n\t\t\t\t<div class=\"elementor-widget-container\">\n\t\t\t\t\t\t\t<p>Voc\u00ea ganhou o acesso gratuito&nbsp;<\/p>\n<p>ao tudobet.<\/p><p><br><\/p>\t\t\t\t\t\t<\/div>\n\t\t\t\t<\/div>\n\t\t\t\t<div class=\"elementor-element elementor-element-691db8a elementor-widget elementor-widget-text-editor\" data-id=\"691db8a\" data-element_type=\"widget\" data-widget_type=\"text-editor.default\">\n\t\t\t\t<div class=\"elementor-widget-container\">\n\t\t\t\t\t\t\t<p>O aplicativo ser\u00e1 liberado ao final\u00a0<\/p><p>deste v\u00eddeo de 3 minutos<\/p>\t\t\t\t\t\t<\/div>\n\t\t\t\t<\/div>\n\t\t\t\t<section class=\"elementor-section elementor-inner-section elementor-element elementor-element-e7d8afd elementor-section-boxed elementor-section-height-default elementor-section-height-default\" data-id=\"e7d8afd\" data-element_type=\"section\">\n\t\t\t\t\t\t<div class=\"elementor-container elementor-column-gap-default\">\n\t\t\t\t\t<div class=\"elementor-column elementor-col-100 elementor-inner-column elementor-element elementor-element-11c9413\" data-id=\"11c9413\" data-element_type=\"column\">\n\t\t\t<div class=\"elementor-widget-wrap elementor-element-populated\">\n\t\t\t\t\t\t\t\t<div class=\"elementor-element elementor-element-857abee elementor-widget elementor-widget-html\" data-id=\"857abee\" data-element_type=\"widget\" data-widget_type=\"html.default\">\n\t\t\t\t<div class=\"elementor-widget-container\">\n\t\t\t<div style=\"padding:56.25% 0 0 0;position:relative;\"><iframe frameborder=\"0\" allowfullscreen src=\"https:\/\/scripts.converteai.net\/0cf505ef-d042-4885-9695-ec1e5784c38d\/players\/64f7fd915d41570009435971\/embed.html\" id=\"ifr_64f7fd915d41570009435971\" style=\"position:absolute;top:0;left:0;width:100%;height:100%;\" referrerpolicy=\"origin\"><\/iframe><\/div>\t\t<\/div>\n\t\t\t\t<\/div>\n\t\t\t\t<div class=\"elementor-element elementor-element-ac01f07 elementor-align-center elementor-invisible elementor-widget elementor-widget-button\" data-id=\"ac01f07\" data-element_type=\"widget\" data-settings=\"{&quot;_animation&quot;:&quot;fadeInUp&quot;,&quot;_animation_delay&quot;:403000}\" data-widget_type=\"button.default\">\n\t\t\t\t<div class=\"elementor-widget-container\">\n\t\t\t\t\t<div class=\"elementor-button-wrapper\">\n\t\t\t<a class=\"elementor-button elementor-button-link elementor-size-sm elementor-animation-grow\" href=\"https:\/\/go.perfectpay.com.br\/PPU38CN1FAU\">\n\t\t\t\t\t\t<span class=\"elementor-button-content-wrapper\">\n\t\t\t\t\t\t<span class=\"elementor-button-text\">GARANTIR ACESSO GRATUITO AGORA<\/span>\n\t\t<\/span>\n\t\t\t\t\t<\/a>\n\t\t<\/div>\n\t\t\t\t<\/div>\n\t\t\t\t<\/div>\n\t\t\t\t\t<\/div>\n\t\t<\/div>\n\t\t\t\t\t\t\t<\/div>\n\t\t<\/section>\n\t\t\t\t<section class=\"elementor-section elementor-inner-section elementor-element elementor-element-657f0a9 elementor-section-boxed elementor-section-height-default elementor-section-height-default\" data-id=\"657f0a9\" data-element_type=\"section\">\n\t\t\t\t\t\t<div class=\"elementor-container elementor-column-gap-default\">\n\t\t\t\t\t<div class=\"elementor-column elementor-col-50 elementor-inner-column elementor-element elementor-element-0cc5798\" data-id=\"0cc5798\" data-element_type=\"column\">\n\t\t\t<div class=\"elementor-widget-wrap elementor-element-populated\">\n\t\t\t\t\t\t\t\t<div class=\"elementor-element elementor-element-148f2cf elementor-widget elementor-widget-image\" data-id=\"148f2cf\" data-element_type=\"widget\" data-widget_type=\"image.default\">\n\t\t\t\t<div class=\"elementor-widget-container\">\n\t\t\t\t\t\t\t\t\t\t\t\t\t\t\t<img decoding=\"async\" loading=\"lazy\" width=\"646\" height=\"250\" src=\"https:\/\/tudobet.linkvendasonline.com\/wp-content\/uploads\/2023\/09\/k90ahb3nJ1A.png\" class=\"attachment-large size-large wp-image-14\" alt=\"\" srcset=\"https:\/\/tudobet.linkvendasonline.com\/wp-content\/uploads\/2023\/09\/k90ahb3nJ1A.png 646w, https:\/\/tudobet.linkvendasonline.com\/wp-content\/uploads\/2023\/09\/k90ahb3nJ1A-300x116.png 300w\" sizes=\"(max-width: 646px) 100vw, 646px\" \/>\t\t\t\t\t\t\t\t\t\t\t\t\t\t\t<\/div>\n\t\t\t\t<\/div>\n\t\t\t\t\t<\/div>\n\t\t<\/div>\n\t\t\t\t<div class=\"elementor-column elementor-col-50 elementor-inner-column elementor-element elementor-element-24aca47\" data-id=\"24aca47\" data-element_type=\"column\">\n\t\t\t<div class=\"elementor-widget-wrap elementor-element-populated\">\n\t\t\t\t\t\t\t\t<div class=\"elementor-element elementor-element-5d7834d elementor-widget elementor-widget-image\" data-id=\"5d7834d\" data-element_type=\"widget\" data-widget_type=\"image.default\">\n\t\t\t\t<div class=\"elementor-widget-container\">\n\t\t\t\t\t\t\t\t\t\t\t\t\t\t\t<img decoding=\"async\" loading=\"lazy\" width=\"800\" height=\"246\" src=\"https:\/\/tudobet.linkvendasonline.com\/wp-content\/uploads\/2023\/09\/image-1024x315.png\" class=\"attachment-large size-large wp-image-15\" alt=\"\" srcset=\"https:\/\/tudobet.linkvendasonline.com\/wp-content\/uploads\/2023\/09\/image-1024x315.png 1024w, https:\/\/tudobet.linkvendasonline.com\/wp-content\/uploads\/2023\/09\/image-300x92.png 300w, https:\/\/tudobet.linkvendasonline.com\/wp-content\/uploads\/2023\/09\/image-768x236.png 768w, https:\/\/tudobet.linkvendasonline.com\/wp-content\/uploads\/2023\/09\/image.png 1300w\" sizes=\"(max-width: 800px) 100vw, 800px\" \/>\t\t\t\t\t\t\t\t\t\t\t\t\t\t\t<\/div>\n\t\t\t\t<\/div>\n\t\t\t\t\t<\/div>\n\t\t<\/div>\n\t\t\t\t\t\t\t<\/div>\n\t\t<\/section>\n\t\t\t\t\t<\/div>\n\t\t<\/div>\n\t\t\t\t\t\t\t<\/div>\n\t\t<\/section>\n\t\t\t\t<section class=\"elementor-section elementor-top-section elementor-element elementor-element-1330dac0 elementor-section-boxed elementor-section-height-default elementor-section-height-default\" data-id=\"1330dac0\" data-element_type=\"section\" data-settings=\"{&quot;background_background&quot;:&quot;classic&quot;}\">\n\t\t\t\t\t\t<div class=\"elementor-container elementor-column-gap-default\">\n\t\t\t\t\t<div class=\"elementor-column elementor-col-100 elementor-top-column elementor-element elementor-element-66bdb2d4\" data-id=\"66bdb2d4\" data-element_type=\"column\">\n\t\t\t<div class=\"elementor-widget-wrap elementor-element-populated\">\n\t\t\t\t\t\t\t\t<div class=\"elementor-element elementor-element-5a7941dd elementor-widget elementor-widget-image\" data-id=\"5a7941dd\" data-element_type=\"widget\" data-widget_type=\"image.default\">\n\t\t\t\t<div class=\"elementor-widget-container\">\n\t\t\t\t\t\t\t\t\t\t\t\t\t\t\t<img decoding=\"async\" loading=\"lazy\" width=\"300\" height=\"51\" src=\"https:\/\/tudobet.linkvendasonline.com\/wp-content\/uploads\/2023\/09\/selo-site-seguro-768x131-1-1-1-300x51-1.png\" class=\"attachment-large size-large wp-image-17\" alt=\"\" \/>\t\t\t\t\t\t\t\t\t\t\t\t\t\t\t<\/div>\n\t\t\t\t<\/div>\n\t\t\t\t<div class=\"elementor-element elementor-element-78e20c87 elementor-widget elementor-widget-text-editor\" data-id=\"78e20c87\" data-element_type=\"widget\" data-widget_type=\"text-editor.default\">\n\t\t\t\t<div class=\"elementor-widget-container\">\n\t\t\t\t\t\t\t<div class=\"elementor-element elementor-element-c03e404 elementor-icon-list--layout-inline elementor-align-center elementor-mobile-align-center elementor-list-item-link-full_width elementor-widget elementor-widget-icon-list\" data-id=\"c03e404\" data-element_type=\"widget\" data-widget_type=\"icon-list.default\"><div class=\"elementor-widget-container\"><p><span class=\"elementor-icon-list-text\">Privacidade\u00a0 \u00a0<\/span><span class=\"elementor-icon-list-text\">Termos de uso<\/span><\/p><\/div><\/div><div class=\"elementor-element elementor-element-68052067 elementor-widget elementor-widget-text-editor\" data-id=\"68052067\" data-element_type=\"widget\" data-widget_type=\"text-editor.default\"><div class=\"elementor-widget-container\"><p>ESTE SITE N\u00c3O \u00c9 do FACEBOOK: Este site n\u00e3o faz parte do site do Facebook ou do Facebook Inc. Al\u00e9m disso, este site N\u00c3O \u00e9 endossado pelo Facebook de nenhuma maneira. FACEBOOK \u00e9 uma marca comercial independente da FACEBOOK, Inc.<\/p><p>Os resultados referentes ao servi\u00e7o foram avaliados e comprovados por nossos clientes. N\u00e3o garantimos os resultados iguais para todos, estes variam de pessoa para pessoa dependendo de diversos fatores individuais. As informa\u00e7\u00f5es fornecidas neste site destina-se ao seu conhecimento geral e n\u00e3o garantimos um resultado espec\u00edfico, todo resultado ser\u00e1 de inteira responsabilidade do cliente. Essa p\u00e1gina\/produto n\u00e3o tem vinculo com o Facebook.<\/p><\/div><\/div>\t\t\t\t\t\t<\/div>\n\t\t\t\t<\/div>\n\t\t\t\t\t<\/div>\n\t\t<\/div>\n\t\t\t\t\t\t\t<\/div>\n\t\t<\/section>\n\t\t\t\t\t\t\t<\/div>\n\t\t","protected":false},"excerpt":{"rendered":"<p>Esse v\u00eddeo\u00a0exclusivo\u00a0sair\u00e1 do ar\u00a0em breve! Todos os direitos reservados \u00a9 Voc\u00ea ganhou o acesso gratuito ao tudobet. O aplicativo ser\u00e1 liberado ao final deste v\u00eddeo de 3 minutos GARANTIR ACESSO GRATUITO AGORA Todos os direitos reservados \u00a9 Voc\u00ea ganhou o acesso gratuito&nbsp; ao tudobet. O aplicativo ser\u00e1 liberado ao final\u00a0 deste v\u00eddeo de 3 minutos [&hellip;]<\/p>\n","protected":false},"author":1,"featured_media":0,"parent":0,"menu_order":0,"comment_status":"closed","ping_status":"closed","template":"","meta":{"footnotes":""},"_links":{"self":[{"href":"https:\/\/tudobet.linkvendasonline.com\/index.php\/wp-json\/wp\/v2\/pages\/9"}],"collection":[{"href":"https:\/\/tudobet.linkvendasonline.com\/index.php\/wp-json\/wp\/v2\/pages"}],"about":[{"href":"https:\/\/tudobet.linkvendasonline.com\/index.php\/wp-json\/wp\/v2\/types\/page"}],"author":[{"embeddable":true,"href":"https:\/\/tudobet.linkvendasonline.com\/index.php\/wp-json\/wp\/v2\/users\/1"}],"replies":[{"embeddable":true,"href":"https:\/\/tudobet.linkvendasonline.com\/index.php\/wp-json\/wp\/v2\/comments?post=9"}],"version-history":[{"count":16,"href":"https:\/\/tudobet.linkvendasonline.com\/index.php\/wp-json\/wp\/v2\/pages\/9\/revisions"}],"predecessor-version":[{"id":41,"href":"https:\/\/tudobet.linkvendasonline.com\/index.php\/wp-json\/wp\/v2\/pages\/9\/revisions\/41"}],"wp:attachment":[{"href":"https:\/\/tudobet.linkvendasonline.com\/index.php\/wp-json\/wp\/v2\/media?parent=9"}],"curies":[{"name":"wp","href":"https:\/\/api.w.org\/{rel}","templated":true}]}}